{"id":899,"date":"2026-01-07T17:04:10","date_gmt":"2026-01-07T17:04:10","guid":{"rendered":"https:\/\/citralcar.pt\/?post_type=product&#038;p=899"},"modified":"2026-01-07T17:04:11","modified_gmt":"2026-01-07T17:04:11","slug":"mini-3-portas-one","status":"publish","type":"product","link":"https:\/\/citralcar.pt\/?product=mini-3-portas-one","title":{"rendered":"MINI 3 Portas One"},"content":{"rendered":"<p>MINI MINI-3P \u2013 Compacto, econ\u00f3mico e com um design ic\u00f3nico, este MINI de 2015 destaca-se pelo seu conforto e condu\u00e7\u00e3o \u00e1gil, pronto a circular e com manuten\u00e7\u00e3o em dia, \u00e9 uma excelente escolha para quem procura fiabilidade e estilo.<\/p>\n<p>MINI COOPER 1.2TURBO<br \/>\n127.925 kms<br \/>\nAno:2015<br \/>\nMotor 75cvs | 1.2 GASOLINA<br \/>\nCaixa de 6 velocidades manual<br \/>\nPVP: 10.500 euros<\/p>\n<p>NOVO Motor BMW , Condu\u00e7\u00e3o confort\u00e1vel, econ\u00f3mica e fi\u00e1vel, pronta a circular sem necessidade de qualquer investimento adicional, ar condicionado autom\u00e1tico; luzes diurnas; far\u00f3is de nevoeiro; bancos em tecido desportivos, viatura em otimo estado.<\/p>\n<p>Pre\u00e7o Chave na m\u00e3o!<br \/>\nGarantia desde 18 meses por mutuo acordo, check up, revis\u00e3o e despesas de averbamento inclu\u00eddas.<br \/>\nPossibilidade de aceitar retoma para facilitar negocio.<br \/>\nSolu\u00e7\u00f5es de Financiamento at\u00e9 120 meses \u00e1s taxas mais competitivas do mercado.<\/p>\n<p>Mais de 20 anos de experi\u00eancia em compra e venda de autom\u00f3veis usados.<\/p>\n<p>Pre\u00e7o de revenda sem garantia dispon\u00edvel, para mais informa\u00e7\u00f5es.<\/p>\n<p>Todas as informa\u00e7\u00f5es presentes neste an\u00fancio devem ser confirmadas com o vendedor<\/p>\n","protected":false},"excerpt":{"rendered":"<p>MINI MINI-3P \u2013 Compacto, econ\u00f3mico e com um design ic\u00f3nico, este MINI de 2015 destaca-se pelo seu conforto e condu\u00e7\u00e3o \u00e1gil, pronto a circular e com manuten\u00e7\u00e3o em dia, \u00e9 uma excelente escolha para quem procura fiabilidade e estilo. MINI COOPER 1.2TURBO 127.925 kms Ano:2015 Motor 75cvs | 1.2 GASOLINA Caixa de 6 velocidades manual [&hellip;]<\/p>\n","protected":false},"featured_media":884,"template":"","meta":{"_et_pb_use_builder":"","_et_pb_old_content":"","_et_gb_content_width":""},"product_brand":[30],"product_cat":[18],"product_tag":[],"class_list":{"0":"post-899","1":"product","2":"type-product","3":"status-publish","4":"has-post-thumbnail","6":"product_brand-mini","7":"product_cat-veiculo-usado","8":"pa_ano-57","9":"pa_combustivel-gasolina","10":"pa_lotacao-47","11":"pa_transmicao-manual","13":"first","14":"instock","15":"shipping-taxable","16":"purchasable","17":"product-type-simple"},"_links":{"self":[{"href":"https:\/\/citralcar.pt\/index.php?rest_route=\/wp\/v2\/product\/899","targetHints":{"allow":["GET"]}}],"collection":[{"href":"https:\/\/citralcar.pt\/index.php?rest_route=\/wp\/v2\/product"}],"about":[{"href":"https:\/\/citralcar.pt\/index.php?rest_route=\/wp\/v2\/types\/product"}],"wp:featuredmedia":[{"embeddable":true,"href":"https:\/\/citralcar.pt\/index.php?rest_route=\/wp\/v2\/media\/884"}],"wp:attachment":[{"href":"https:\/\/citralcar.pt\/index.php?rest_route=%2Fwp%2Fv2%2Fmedia&parent=899"}],"wp:term":[{"taxonomy":"product_brand","embeddable":true,"href":"https:\/\/citralcar.pt\/index.php?rest_route=%2Fwp%2Fv2%2Fproduct_brand&post=899"},{"taxonomy":"product_cat","embeddable":true,"href":"https:\/\/citralcar.pt\/index.php?rest_route=%2Fwp%2Fv2%2Fproduct_cat&post=899"},{"taxonomy":"product_tag","embeddable":true,"href":"https:\/\/citralcar.pt\/index.php?rest_route=%2Fwp%2Fv2%2Fproduct_tag&post=899"}],"curies":[{"name":"wp","href":"https:\/\/api.w.org\/{rel}","templated":true}]}}