{"id":844,"date":"2026-01-07T15:56:18","date_gmt":"2026-01-07T15:56:18","guid":{"rendered":"https:\/\/citralcar.pt\/?post_type=product&#038;p=844"},"modified":"2026-01-07T15:56:18","modified_gmt":"2026-01-07T15:56:18","slug":"bmw-116-d-efficientdynamics","status":"publish","type":"product","link":"https:\/\/citralcar.pt\/?product=bmw-116-d-efficientdynamics","title":{"rendered":"BMW 116 D EfficientDynamics"},"content":{"rendered":"<p>BMW 116D  \u2013  2018, ideal para quem procura efici\u00eancia, conforto e condu\u00e7\u00e3o din\u00e2mica num autom\u00f3vel fi\u00e1vel. Viatura pronta a circular, com manuten\u00e7\u00e3o em dia e excelente rela\u00e7\u00e3o consumo\/desempenho.<\/p>\n<p>&#8211; Revis\u00f5es todas na marca <\/p>\n<p>    5 portas e 5 lugares<br \/>\n    Consumo m\u00e9dio: 3,4 l\/100km<br \/>\n    Emiss\u00f5es CO\u2082: 89 g\/km<br \/>\n    Ar condicionado<br \/>\n    ABS, ESP e controlo de tra\u00e7\u00e3o<br \/>\n    Airbags frontais, laterais e de cabe\u00e7a<br \/>\n    Vidros el\u00e9tricos dianteiros<br \/>\n    Volante multifun\u00e7\u00f5es em pele<br \/>\n    Apoio de bra\u00e7o dianteiro e traseiro<br \/>\n    Bluetooth e entrada USB<br \/>\n    Sensor de chuva<\/p>\n<p>Garantia de 18 meses inclu\u00edda.<\/p>\n<p>Possibilidade de financiamento e aceita\u00e7\u00e3o de retoma.<\/p>\n<p>Todas as informa\u00e7\u00f5es presentes neste an\u00fancio devem ser confirmadas com o vendedor.<\/p>\n","protected":false},"excerpt":{"rendered":"<p>BMW 116D \u2013 2018, ideal para quem procura efici\u00eancia, conforto e condu\u00e7\u00e3o din\u00e2mica num autom\u00f3vel fi\u00e1vel. Viatura pronta a circular, com manuten\u00e7\u00e3o em dia e excelente rela\u00e7\u00e3o consumo\/desempenho. &#8211; Revis\u00f5es todas na marca 5 portas e 5 lugares Consumo m\u00e9dio: 3,4 l\/100km Emiss\u00f5es CO\u2082: 89 g\/km Ar condicionado ABS, ESP e controlo de tra\u00e7\u00e3o Airbags [&hellip;]<\/p>\n","protected":false},"featured_media":832,"template":"","meta":{"_et_pb_use_builder":"","_et_pb_old_content":"","_et_gb_content_width":""},"product_brand":[23],"product_cat":[18],"product_tag":[],"class_list":{"0":"post-844","1":"product","2":"type-product","3":"status-publish","4":"has-post-thumbnail","6":"product_brand-bmw","7":"product_cat-veiculo-usado","8":"pa_ano-60","9":"pa_combustivel-gasoleo","10":"pa_lotacao-48","11":"pa_transmicao-manual","13":"first","14":"instock","15":"shipping-taxable","16":"purchasable","17":"product-type-simple"},"_links":{"self":[{"href":"https:\/\/citralcar.pt\/index.php?rest_route=\/wp\/v2\/product\/844","targetHints":{"allow":["GET"]}}],"collection":[{"href":"https:\/\/citralcar.pt\/index.php?rest_route=\/wp\/v2\/product"}],"about":[{"href":"https:\/\/citralcar.pt\/index.php?rest_route=\/wp\/v2\/types\/product"}],"wp:featuredmedia":[{"embeddable":true,"href":"https:\/\/citralcar.pt\/index.php?rest_route=\/wp\/v2\/media\/832"}],"wp:attachment":[{"href":"https:\/\/citralcar.pt\/index.php?rest_route=%2Fwp%2Fv2%2Fmedia&parent=844"}],"wp:term":[{"taxonomy":"product_brand","embeddable":true,"href":"https:\/\/citralcar.pt\/index.php?rest_route=%2Fwp%2Fv2%2Fproduct_brand&post=844"},{"taxonomy":"product_cat","embeddable":true,"href":"https:\/\/citralcar.pt\/index.php?rest_route=%2Fwp%2Fv2%2Fproduct_cat&post=844"},{"taxonomy":"product_tag","embeddable":true,"href":"https:\/\/citralcar.pt\/index.php?rest_route=%2Fwp%2Fv2%2Fproduct_tag&post=844"}],"curies":[{"name":"wp","href":"https:\/\/api.w.org\/{rel}","templated":true}]}}