{"id":628,"date":"2025-08-08T10:16:30","date_gmt":"2025-08-08T10:16:30","guid":{"rendered":"https:\/\/citralcar.pt\/?post_type=product&#038;p=628"},"modified":"2025-08-08T10:16:30","modified_gmt":"2025-08-08T10:16:30","slug":"mercedes-a180-urban","status":"publish","type":"product","link":"https:\/\/citralcar.pt\/?product=mercedes-a180-urban","title":{"rendered":"MERCEDES A180 URBAN"},"content":{"rendered":"<p>\ud83d\ude97 MERCEDES A180 URBAN<br \/>\n\u23f265.000 kms<br \/>\n\ud83d\udc0eMotor 116cvs | 1.5 URBAN<br \/>\n\ud83d\udd79Caixa de 8 velocidades manual<\/p>\n<p>Extras:<br \/>\n&#8211; Bluetooth<br \/>\n&#8211; Computador de Bordo<br \/>\n&#8211; Ecr\u00e3 Consola Central<br \/>\n&#8211; Sistema de Entrada Sem Chave<br \/>\n&#8211; Far\u00f3is Diurnos<br \/>\n&#8211; LEDS<br \/>\n&#8211; Jantes de Liga Leve<br \/>\n&#8211; Retrovisores c\/ Regula\u00e7\u00e3o El\u00e9ctrica<br \/>\n&#8211; Apoio de Bra\u00e7o<br \/>\n&#8211; Bancos Desportivos<br \/>\n&#8211; Volante Multifun\u00e7\u00f5es<br \/>\n&#8211; ABS<br \/>\n&#8211; Airbag de Passageiros<br \/>\n&#8211; Airbag do Condutor<br \/>\n&#8211; Alerta sobre Manuten\u00e7\u00e3o<br \/>\n&#8211; Alertas sobre Cinto de Seguran\u00e7a<br \/>\n&#8211; C\u00e2mara de Marcha Atr\u00e1s<br \/>\n&#8211; Cruise Control<br \/>\n&#8211; Direc\u00e7\u00e3o Assistida<br \/>\n&#8211; ESP Controle Electr\u00f3nico de Estabilidade<br \/>\n&#8211; Fecho Autom. das Portas em Andamento<br \/>\n&#8211; Fecho Central<br \/>\n&#8211; Fecho Centralizado com Comando a Dist\u00e2ncia<br \/>\n&#8211; ISOFIX<br \/>\n&#8211; Sensores de Chuva<br \/>\n&#8211; Sensores de Luzes<br \/>\n&#8211; Sistema de Controle de Press\u00e3o dos Pneus<br \/>\n&#8211; Start and Stop<br \/>\n&#8211; Trav\u00e3o de M\u00e3o El\u00e9ctrico<br \/>\n&#8211; Ar Condicionado<br \/>\n&#8211; Auto-R\u00e1dio<br \/>\n&#8211; Vidros El\u00e9tricos Diant. e Tras.<br \/>\n&#8211; Estofos em \u00bd pele<br \/>\n&#8211; Volante Em Pele<br \/>\n&#8211; Volante Regul\u00e1vel Em Altura + Profundidade<br \/>\n&#8211; 4 Airbags<br \/>\n&#8211; Historico de Manuten\u00e7\u00e3o<\/p>\n<p>Viatura Nacional , assist\u00eancia na marca. Apenas 65.000 km, vers\u00e3o diesel, 116 cavalos. Com garantia de 18 meses. Cr\u00e9dito at\u00e9 120 meses sem entrada.<\/p>\n<p>\ud83d\udd11Pre\u00e7o Chave na m\u00e3o!<br \/>\nGarantia desde 18 meses por mutuo acordo, check up, revis\u00e3o e despesas de averbamento inclu\u00eddas.<br \/>\nPossibilidade de aceitar retoma para facilitar negocio.<br \/>\n\ud83d\udcb5Solu\u00e7\u00f5es de Financiamento at\u00e9 120 meses \u00e1s taxas mais competitivas do mercado.<br \/>\n\u2705Mais de 20 anos de experi\u00eancia em compra e venda de autom\u00f3veis usados.<br \/>\n\ud83d\udcc8Pre\u00e7o de revenda sem garantia dispon\u00edvel, para mais informa\u00e7\u00f5es contacte.<br \/>\n\u27a1\ufe0fMais informa\u00e7\u00f5es LIGUE 963 315 298<\/p>\n","protected":false},"excerpt":{"rendered":"<p>\ud83d\ude97 MERCEDES A180 URBAN \u23f265.000 kms \ud83d\udc0eMotor 116cvs | 1.5 URBAN \ud83d\udd79Caixa de 8 velocidades manual Extras: &#8211; Bluetooth &#8211; Computador de Bordo &#8211; Ecr\u00e3 Consola Central &#8211; Sistema de Entrada Sem Chave &#8211; Far\u00f3is Diurnos &#8211; LEDS &#8211; Jantes de Liga Leve &#8211; Retrovisores c\/ Regula\u00e7\u00e3o El\u00e9ctrica &#8211; Apoio de Bra\u00e7o &#8211; Bancos Desportivos [&hellip;]<\/p>\n","protected":false},"featured_media":604,"template":"","meta":{"_et_pb_use_builder":"on","_et_pb_old_content":"\ud83d\ude97 MERCEDES A180 URBAN \r\n\u23f265.000 kms\r\n\ud83d\udc0eMotor 116cvs | 1.5 URBAN\r\n\ud83d\udd79Caixa de 8 velocidades manual\r\n\r\nExtras:\r\n- Bluetooth\r\n- Computador de Bordo\r\n- Ecr\u00e3 Consola Central\r\n- Sistema de Entrada Sem Chave\r\n- Far\u00f3is Diurnos\r\n- LEDS\r\n- Jantes de Liga Leve\r\n- Retrovisores c\/ Regula\u00e7\u00e3o El\u00e9ctrica\r\n- Apoio de Bra\u00e7o\r\n- Bancos Desportivos\r\n- Volante Multifun\u00e7\u00f5es\r\n- ABS\r\n- Airbag de Passageiros\r\n- Airbag do Condutor\r\n- Alerta sobre Manuten\u00e7\u00e3o\r\n- Alertas sobre Cinto de Seguran\u00e7a\r\n- C\u00e2mara de Marcha Atr\u00e1s\r\n- Cruise Control\r\n- Direc\u00e7\u00e3o Assistida\r\n- ESP Controle Electr\u00f3nico de Estabilidade\r\n- Fecho Autom. das Portas em Andamento\r\n- Fecho Central\r\n- Fecho Centralizado com Comando a Dist\u00e2ncia\r\n- ISOFIX\r\n- Sensores de Chuva\r\n- Sensores de Luzes\r\n- Sistema de Controle de Press\u00e3o dos Pneus\r\n- Start and Stop\r\n- Trav\u00e3o de M\u00e3o El\u00e9ctrico\r\n- Ar Condicionado\r\n- Auto-R\u00e1dio\r\n- Vidros El\u00e9tricos Diant. e Tras.\r\n- Estofos em \u00bd pele\r\n- Volante Em Pele\r\n- Volante Regul\u00e1vel Em Altura + Profundidade\r\n- 4 Airbags\r\n- Historico de Manuten\u00e7\u00e3o\r\n\r\nViatura Nacional , assist\u00eancia na marca. Apenas 65.000 km, vers\u00e3o diesel, 116 cavalos. Com garantia de 18 meses. Cr\u00e9dito at\u00e9 120 meses sem entrada.\r\n\r\n\ud83d\udd11Pre\u00e7o Chave na m\u00e3o!\r\nGarantia desde 18 meses por mutuo acordo, check up, revis\u00e3o e despesas de averbamento inclu\u00eddas.\r\nPossibilidade de aceitar retoma para facilitar negocio.\r\n\ud83d\udcb5Solu\u00e7\u00f5es de Financiamento at\u00e9 120 meses \u00e1s taxas mais competitivas do mercado.\r\n\u2705Mais de 20 anos de experi\u00eancia em compra e venda de autom\u00f3veis usados.\r\n\ud83d\udcc8Pre\u00e7o de revenda sem garantia dispon\u00edvel, para mais informa\u00e7\u00f5es contacte.\r\n\u27a1\ufe0fMais informa\u00e7\u00f5es LIGUE 963 315 298","_et_gb_content_width":""},"product_brand":[29],"product_cat":[18],"product_tag":[],"class_list":{"0":"post-628","1":"product","2":"type-product","3":"status-publish","4":"has-post-thumbnail","6":"product_brand-mercedes-benz","7":"product_cat-veiculo-usado","8":"pa_ano-61","9":"pa_combustivel-gasoleo","10":"pa_lotacao-48","11":"pa_transmicao-automatica","13":"first","14":"instock","15":"shipping-taxable","16":"purchasable","17":"product-type-simple"},"_links":{"self":[{"href":"https:\/\/citralcar.pt\/index.php?rest_route=\/wp\/v2\/product\/628","targetHints":{"allow":["GET"]}}],"collection":[{"href":"https:\/\/citralcar.pt\/index.php?rest_route=\/wp\/v2\/product"}],"about":[{"href":"https:\/\/citralcar.pt\/index.php?rest_route=\/wp\/v2\/types\/product"}],"wp:featuredmedia":[{"embeddable":true,"href":"https:\/\/citralcar.pt\/index.php?rest_route=\/wp\/v2\/media\/604"}],"wp:attachment":[{"href":"https:\/\/citralcar.pt\/index.php?rest_route=%2Fwp%2Fv2%2Fmedia&parent=628"}],"wp:term":[{"taxonomy":"product_brand","embeddable":true,"href":"https:\/\/citralcar.pt\/index.php?rest_route=%2Fwp%2Fv2%2Fproduct_brand&post=628"},{"taxonomy":"product_cat","embeddable":true,"href":"https:\/\/citralcar.pt\/index.php?rest_route=%2Fwp%2Fv2%2Fproduct_cat&post=628"},{"taxonomy":"product_tag","embeddable":true,"href":"https:\/\/citralcar.pt\/index.php?rest_route=%2Fwp%2Fv2%2Fproduct_tag&post=628"}],"curies":[{"name":"wp","href":"https:\/\/api.w.org\/{rel}","templated":true}]}}