{"id":16,"date":"2025-06-20T16:45:43","date_gmt":"2025-06-20T16:45:43","guid":{"rendered":"https:\/\/citralcar.pt\/?page_id=16"},"modified":"2025-10-17T12:15:59","modified_gmt":"2025-10-17T12:15:59","slug":"about","status":"publish","type":"page","link":"https:\/\/citralcar.pt\/?page_id=16","title":{"rendered":"About"},"content":{"rendered":"<p>[et_pb_section fb_built=&#8221;1&#8243; admin_label=&#8221;Header&#8221; _builder_version=&#8221;4.27.4&#8243; _module_preset=&#8221;c31f8134-25a5-49e3-97be-e787cb8b8da2&#8243; use_background_color_gradient=&#8221;off&#8221; background_image=&#8221;https:\/\/citralcar.pt\/wp-content\/uploads\/2025\/08\/469559371_122152285304289609_5296408885275465318_n.jpg&#8221; parallax=&#8221;on&#8221; collapsed=&#8221;on&#8221; global_colors_info=&#8221;{}&#8221;][et_pb_row _builder_version=&#8221;4.27.4&#8243; _module_preset=&#8221;default&#8221; global_colors_info=&#8221;{}&#8221;][et_pb_column type=&#8221;4_4&#8243; _builder_version=&#8221;4.27.4&#8243; _module_preset=&#8221;default&#8221; global_colors_info=&#8221;{}&#8221;][et_pb_heading title=&#8221;CitralCar Autom\u00f3veis&#8221; _builder_version=&#8221;4.27.4&#8243; _module_preset=&#8221;7df10c03-3807-4a10-8b2d-629e8c83b3a0&#8243; title_text_align=&#8221;center&#8221; title_text_color=&#8221;#FFFFFF&#8221; custom_margin=&#8221;||10px||false|false&#8221; global_colors_info=&#8221;{}&#8221;][\/et_pb_heading][\/et_pb_column][\/et_pb_row][\/et_pb_section][et_pb_section fb_built=&#8221;1&#8243; admin_label=&#8221;About&#8221; _builder_version=&#8221;4.27.4&#8243; _module_preset=&#8221;default&#8221; min_height=&#8221;809.5px&#8221; custom_padding=&#8221;||0px|||&#8221; collapsed=&#8221;on&#8221; global_colors_info=&#8221;{}&#8221;][et_pb_row column_structure=&#8221;2_3,1_3&#8243; _builder_version=&#8221;4.27.4&#8243; _module_preset=&#8221;default&#8221; global_colors_info=&#8221;{}&#8221;][et_pb_column type=&#8221;2_3&#8243; _builder_version=&#8221;4.27.4&#8243; _module_preset=&#8221;default&#8221; global_colors_info=&#8221;{}&#8221;][et_pb_heading title=&#8221;A EMPRESA&#8221; _builder_version=&#8221;4.27.4&#8243; _module_preset=&#8221;7410beb9-a82a-4fb6-99ec-7e6c971850f3&#8243; title_font=&#8221;|600|||||||&#8221; title_text_color=&#8221;#2d2f93&#8243; min_height=&#8221;31.2px&#8221; custom_margin=&#8221;||-23px|||&#8221; custom_padding=&#8221;0px||0px|||&#8221; global_colors_info=&#8221;{}&#8221;][\/et_pb_heading][\/et_pb_column][et_pb_column type=&#8221;1_3&#8243; _builder_version=&#8221;4.27.4&#8243; _module_preset=&#8221;default&#8221; global_colors_info=&#8221;{}&#8221;][\/et_pb_column][\/et_pb_row][et_pb_row column_structure=&#8221;1_2,1_2&#8243; _builder_version=&#8221;4.27.4&#8243; _module_preset=&#8221;default&#8221; min_height=&#8221;613.8px&#8221; custom_padding=&#8221;0px|||||&#8221; global_colors_info=&#8221;{}&#8221;][et_pb_column type=&#8221;1_2&#8243; _builder_version=&#8221;4.27.4&#8243; _module_preset=&#8221;default&#8221; custom_padding=&#8221;60px|10%|||false|false&#8221; custom_padding_tablet=&#8221;0px|0%|||false|false&#8221; custom_padding_phone=&#8221;0px|0%|||false|false&#8221; custom_padding_last_edited=&#8221;on|tablet&#8221; global_colors_info=&#8221;{}&#8221;][et_pb_text _builder_version=&#8221;4.27.4&#8243; _module_preset=&#8221;04c0507f-5942-4273-a22c-2ae978516bd0&#8243; min_height=&#8221;261px&#8221; custom_margin=&#8221;|-112px||||&#8221; global_colors_info=&#8221;{}&#8221;]<\/p>\n<p>Com mais de 20 anos de experi\u00eancia no setor, a <strong>CitralCar Autom\u00f3veis<\/strong> \u00e9 uma empresa s\u00f3lida e amplamente reconhecida no mercado autom\u00f3vel da regi\u00e3o, com sede em Viseu.<\/p>\n<p>Desde a sua funda\u00e7\u00e3o, a CitralCar tem-se destacado na <strong>compra, venda e aluguer de viaturas<\/strong>, oferecendo solu\u00e7\u00f5es personalizadas, pautadas pela confian\u00e7a, transpar\u00eancia e profissionalismo.<\/p>\n<p>\u00c9 uma marca de refer\u00eancia no setor autom\u00f3vel, distinguindo-se pela <strong>qualidade e diversidade do seu stock<\/strong>, pelo rigor na prepara\u00e7\u00e3o das viaturas e pela excel\u00eancia do servi\u00e7o p\u00f3s-venda. A empresa aposta continuamente na moderniza\u00e7\u00e3o dos seus processos, bem como na evolu\u00e7\u00e3o da sua comunica\u00e7\u00e3o e imagem institucional, promovendo uma rela\u00e7\u00e3o de maior proximidade com os seus clientes.<\/p>\n<p>O sucesso da <strong>CitralCar<\/strong> assenta no comprometimento di\u00e1rio de uma equipa experiente e motivada, unida por um objetivo comum: <strong>a satisfa\u00e7\u00e3o total dos clientes<\/strong>. A confian\u00e7a que nos \u00e9 depositada \u00e9 a for\u00e7a que nos impulsiona e inspira a ir cada vez mais longe.<\/p>\n<p>[\/et_pb_text][\/et_pb_column][et_pb_column type=&#8221;1_2&#8243; _builder_version=&#8221;4.27.4&#8243; _module_preset=&#8221;default&#8221; global_colors_info=&#8221;{}&#8221;][et_pb_image src=&#8221;https:\/\/citralcar.pt\/wp-content\/uploads\/2025\/07\/487964133_122169180764289609_5328622903606057674_n.jpg&#8221; title_text=&#8221;487964133_122169180764289609_5328622903606057674_n&#8221; _builder_version=&#8221;4.27.4&#8243; _module_preset=&#8221;default&#8221; custom_margin=&#8221;59px||25px|||&#8221; global_colors_info=&#8221;{}&#8221;][\/et_pb_image][\/et_pb_column][\/et_pb_row][\/et_pb_section][et_pb_section fb_built=&#8221;1&#8243; admin_label=&#8221;Mission&#8221; _builder_version=&#8221;4.27.4&#8243; _module_preset=&#8221;47a769a1-46b5-47a4-a900-3d3988aaefbc&#8221; custom_padding=&#8221;9px|||||&#8221; collapsed=&#8221;on&#8221; global_colors_info=&#8221;{}&#8221;][et_pb_row _builder_version=&#8221;4.27.4&#8243; _module_preset=&#8221;default&#8221; global_colors_info=&#8221;{}&#8221;][et_pb_column type=&#8221;4_4&#8243; _builder_version=&#8221;4.27.4&#8243; _module_preset=&#8221;default&#8221; global_colors_info=&#8221;{}&#8221;][et_pb_slider _builder_version=&#8221;4.27.4&#8243; _module_preset=&#8221;default&#8221; custom_padding=&#8221;0px||0px|||&#8221; hover_enabled=&#8221;0&#8243; global_colors_info=&#8221;{%22gcid-primary-color%22:%91%22button_bg_color%22,%22button_bg_color%22,%22button_bg_color%22,%22button_bg_color%22,%22button_bg_color%22,%22button_bg_color%22,%22button_bg_color%22,%22button_bg_color%22,%22button_bg_color%22,%22button_bg_color%22,%22button_bg_color%22,%22button_bg_color%22,%22button_bg_color%22%93,%22gcid-body-color%22:%91%22body_text_color%22,%22body_text_color%22,%22body_text_color%22,%22body_text_color%22,%22body_text_color%22,%22body_text_color%22,%22body_text_color%22,%22body_text_color%22,%22body_text_color%22,%22body_text_color%22,%22body_text_color%22,%22body_text_color%22,%22body_text_color%22%93,%22gcid-heading-color%22:%91%22header_text_color%22,%22header_text_color%22,%22header_text_color%22,%22header_text_color%22,%22header_text_color%22,%22header_text_color%22,%22header_text_color%22,%22header_text_color%22,%22header_text_color%22,%22header_text_color%22,%22header_text_color%22,%22header_text_color%22,%22header_text_color%22%93}&#8221; background_color=&#8221;#f1f3e4&#8243; sticky_enabled=&#8221;0&#8243; auto=&#8221;on&#8221; auto_ignore_hover=&#8221;on&#8221;][et_pb_slide heading=&#8221;Miss\u00e3o&#8221; _builder_version=&#8221;4.27.4&#8243; _module_preset=&#8221;default&#8221; header_font_size=&#8221;55px&#8221; header_letter_spacing=&#8221;0px&#8221; body_letter_spacing=&#8221;2px&#8221; body_line_height=&#8221;2em&#8221; global_colors_info=&#8221;{}&#8221; sticky_transition=&#8221;on&#8221;]<\/p>\n<p><span style=\"font-size: xx-large;\">A nossa miss\u00e3o \u00e9 trabalhamos para ser uma refer\u00eancia no mercado autom\u00f3vel da regi\u00e3o, focados na qualidade, seguran\u00e7a e satisfa\u00e7\u00e3o do cliente.<\/span><\/p>\n<p>[\/et_pb_slide][et_pb_slide heading=&#8221;Vis\u00e3o&#8221; _builder_version=&#8221;4.27.4&#8243; _module_preset=&#8221;default&#8221; header_font_size=&#8221;55px&#8221; body_letter_spacing=&#8221;2px&#8221; body_line_height=&#8221;2em&#8221; global_colors_info=&#8221;{}&#8221; sticky_transition=&#8221;on&#8221;]<\/p>\n<p><span style=\"font-size: xx-large;\">Presta\u00e7\u00e3o de servi\u00e7os nas \u00e1reas da venda de autom\u00f3veis e aluguer de viaturas com foco na inova\u00e7\u00e3o e na melhoria cont\u00ednua.<\/span><\/p>\n<p>[\/et_pb_slide][et_pb_slide heading=&#8221;Valores&#8221; _builder_version=&#8221;4.27.4&#8243; _module_preset=&#8221;default&#8221; header_font_size=&#8221;55px&#8221; body_letter_spacing=&#8221;2px&#8221; body_line_height=&#8221;2em&#8221; global_colors_info=&#8221;{}&#8221; sticky_transition=&#8221;on&#8221;]<\/p>\n<p><span style=\"font-size: xx-large;\">Excel\u00eancia no servi\u00e7o, sustentada pela qualidade, rigor, respeito, educa\u00e7\u00e3o e cortesia;<\/span><\/p>\n<p><span style=\"font-size: xx-large;\">Compromisso com a verdade, honestidade e transpar\u00eancia;<\/span><\/p>\n<p><span style=\"font-size: xx-large;\">Atua\u00e7\u00e3o com integridade em todas as \u00e1reas;<\/span><\/p>\n<p><span style=\"font-size: xx-large;\">Valoriza\u00e7\u00e3o da qualidade do trabalho, da efici\u00eancia, da igualdade de tratamento e de oportunidades entre g\u00e9neros;<\/span><\/p>\n<p><span style=\"font-size: xx-large;\">Promo\u00e7\u00e3o da n\u00e3o discrimina\u00e7\u00e3o e do equil\u00edbrio entre vida profissional, familiar e pessoal.<\/span><\/p>\n<p>&nbsp;<\/p>\n<p>[\/et_pb_slide][\/et_pb_slider][\/et_pb_column][\/et_pb_row][\/et_pb_section][et_pb_section fb_built=&#8221;1&#8243; admin_label=&#8221;Call to Action&#8221; _builder_version=&#8221;4.27.4&#8243; _module_preset=&#8221;c31f8134-25a5-49e3-97be-e787cb8b8da2&#8243; background_image=&#8221;https:\/\/citralcar.pt\/wp-content\/uploads\/2025\/07\/8a1f3bd0c3313ec42029b0cc3190dba4-e1753921091484.jpg&#8221; custom_padding=&#8221;4vw||4vw||true|false&#8221; locked=&#8221;off&#8221; collapsed=&#8221;off&#8221; global_colors_info=&#8221;{}&#8221;][et_pb_row _builder_version=&#8221;4.27.4&#8243; _module_preset=&#8221;default&#8221; max_width=&#8221;1916px&#8221; module_alignment=&#8221;center&#8221; custom_margin=&#8221;|196px||auto||&#8221; global_colors_info=&#8221;{}&#8221;][et_pb_column type=&#8221;4_4&#8243; _builder_version=&#8221;4.27.4&#8243; _module_preset=&#8221;default&#8221; global_colors_info=&#8221;{}&#8221;][et_pb_heading title=&#8221;O seu pr\u00f3ximo carro espera por si na CitralCar&#8221; admin_label=&#8221;Heading&#8221; _builder_version=&#8221;4.27.4&#8243; _module_preset=&#8221;7df10c03-3807-4a10-8b2d-629e8c83b3a0&#8243; title_level=&#8221;h2&#8243; title_text_align=&#8221;center&#8221; title_text_color=&#8221;#FFFFFF&#8221; global_colors_info=&#8221;{}&#8221;][\/et_pb_heading][\/et_pb_column][\/et_pb_row][\/et_pb_section]<\/p>\n","protected":false},"excerpt":{"rendered":"<p>Com mais de 20 anos de experi\u00eancia no setor, a CitralCar Autom\u00f3veis \u00e9 uma empresa s\u00f3lida e amplamente reconhecida no mercado autom\u00f3vel da regi\u00e3o, com sede em Viseu. Desde a sua funda\u00e7\u00e3o, a CitralCar tem-se destacado na compra, venda e aluguer de viaturas, oferecendo solu\u00e7\u00f5es personalizadas, pautadas pela confian\u00e7a, transpar\u00eancia e profissionalismo. \u00c9 uma marca [&hellip;]<\/p>\n","protected":false},"author":1,"featured_media":0,"parent":0,"menu_order":0,"comment_status":"closed","ping_status":"closed","template":"","meta":{"_et_pb_use_builder":"on","_et_pb_old_content":"","_et_gb_content_width":"","footnotes":""},"class_list":["post-16","page","type-page","status-publish","hentry"],"_links":{"self":[{"href":"https:\/\/citralcar.pt\/index.php?rest_route=\/wp\/v2\/pages\/16","targetHints":{"allow":["GET"]}}],"collection":[{"href":"https:\/\/citralcar.pt\/index.php?rest_route=\/wp\/v2\/pages"}],"about":[{"href":"https:\/\/citralcar.pt\/index.php?rest_route=\/wp\/v2\/types\/page"}],"author":[{"embeddable":true,"href":"https:\/\/citralcar.pt\/index.php?rest_route=\/wp\/v2\/users\/1"}],"replies":[{"embeddable":true,"href":"https:\/\/citralcar.pt\/index.php?rest_route=%2Fwp%2Fv2%2Fcomments&post=16"}],"version-history":[{"count":24,"href":"https:\/\/citralcar.pt\/index.php?rest_route=\/wp\/v2\/pages\/16\/revisions"}],"predecessor-version":[{"id":799,"href":"https:\/\/citralcar.pt\/index.php?rest_route=\/wp\/v2\/pages\/16\/revisions\/799"}],"wp:attachment":[{"href":"https:\/\/citralcar.pt\/index.php?rest_route=%2Fwp%2Fv2%2Fmedia&parent=16"}],"curies":[{"name":"wp","href":"https:\/\/api.w.org\/{rel}","templated":true}]}}