{"id":14,"date":"2025-06-20T16:45:43","date_gmt":"2025-06-20T16:45:43","guid":{"rendered":"https:\/\/citralcar.pt\/?page_id=14"},"modified":"2026-01-09T10:48:23","modified_gmt":"2026-01-09T10:48:23","slug":"home","status":"publish","type":"page","link":"https:\/\/citralcar.pt\/","title":{"rendered":"Home"},"content":{"rendered":"<p>[et_pb_section fb_built=&#8221;1&#8243; admin_label=&#8221;Header&#8221; _builder_version=&#8221;4.27.4&#8243; _module_preset=&#8221;c31f8134-25a5-49e3-97be-e787cb8b8da2&#8243; background_image=&#8221;https:\/\/citralcar.pt\/wp-content\/uploads\/2025\/07\/CAPA-1920&#215;800-1.jpg&#8221; parallax=&#8221;on&#8221; custom_padding=&#8221;45px||180px|||&#8221; hover_transition_duration=&#8221;0ms&#8221; hover_transition_speed_curve=&#8221;linear&#8221; collapsed=&#8221;off&#8221; global_colors_info=&#8221;{}&#8221;][et_pb_row _builder_version=&#8221;4.27.4&#8243; _module_preset=&#8221;default&#8221; width=&#8221;66.9%&#8221; min_height=&#8221;162.8px&#8221; custom_padding=&#8221;|84px|18px|||&#8221; collapsed=&#8221;on&#8221; global_colors_info=&#8221;{}&#8221;][et_pb_column type=&#8221;4_4&#8243; _builder_version=&#8221;4.27.4&#8243; _module_preset=&#8221;default&#8221; global_colors_info=&#8221;{}&#8221;][et_pb_heading title=&#8221;Encontre aqui o seu  futuro carro&#8221; _builder_version=&#8221;4.27.4&#8243; _module_preset=&#8221;7df10c03-3807-4a10-8b2d-629e8c83b3a0&#8243; title_text_color=&#8221;#FFFFFF&#8221; custom_margin=&#8221;|-54px||||&#8221; custom_padding=&#8221;46px|0px|10px|||&#8221; global_colors_info=&#8221;{}&#8221;][\/et_pb_heading][\/et_pb_column][\/et_pb_row][\/et_pb_section][et_pb_section fb_built=&#8221;1&#8243; admin_label=&#8221;Stats&#8221; _builder_version=&#8221;4.27.4&#8243; _module_preset=&#8221;default&#8221; min_height=&#8221;347.3px&#8221; custom_margin=&#8221;-5px|||||&#8221; custom_padding=&#8221;14px||0px|||&#8221; collapsed=&#8221;off&#8221; global_colors_info=&#8221;{}&#8221;][et_pb_row _builder_version=&#8221;4.27.4&#8243; _module_preset=&#8221;default&#8221; min_height=&#8221;85px&#8221; global_colors_info=&#8221;{}&#8221;][et_pb_column type=&#8221;4_4&#8243; _builder_version=&#8221;4.27.4&#8243; _module_preset=&#8221;default&#8221; global_colors_info=&#8221;{}&#8221;][et_pb_heading title=&#8221;NOVAS ENTRADAS&#8221; _builder_version=&#8221;4.27.4&#8243; _module_preset=&#8221;2dbfc4fd-2020-4093-b5f9-53d18e35b0c8&#8243; title_font=&#8221;||||||||&#8221; title_text_align=&#8221;left&#8221; title_text_color=&#8221;#2e3094&#8243; title_font_size=&#8221;53px&#8221; title_line_height=&#8221;1.1em&#8221; background_color=&#8221;RGBA(255,255,255,0)&#8221; custom_margin=&#8221;||-3px|||&#8221; title_font_size_tablet=&#8221;53px&#8221; title_font_size_phone=&#8221;53px&#8221; title_font_size_last_edited=&#8221;on|desktop&#8221; global_colors_info=&#8221;{}&#8221;][\/et_pb_heading][et_pb_heading title=&#8221;Descubra os modelos que acab\u00e1mos de receber&#8221; _builder_version=&#8221;4.27.4&#8243; _module_preset=&#8221;2dbfc4fd-2020-4093-b5f9-53d18e35b0c8&#8243; title_font=&#8221;|300|||||||&#8221; title_font_size=&#8221;31px&#8221; title_letter_spacing=&#8221;1px&#8221; custom_padding=&#8221;||0px|||&#8221; global_colors_info=&#8221;{}&#8221;][\/et_pb_heading][\/et_pb_column][\/et_pb_row][et_pb_row _builder_version=&#8221;4.27.4&#8243; _module_preset=&#8221;default&#8221; hover_enabled=&#8221;0&#8243; collapsed=&#8221;on&#8221; global_colors_info=&#8221;{}&#8221; sticky_enabled=&#8221;0&#8243;][et_pb_column type=&#8221;4_4&#8243; _builder_version=&#8221;4.27.4&#8243; _module_preset=&#8221;default&#8221; global_colors_info=&#8221;{}&#8221;][et_pb_shop type=&#8221;product_category&#8221; posts_number=&#8221;4&#8243; show_pagination=&#8221;off&#8221; include_categories=&#8221;18&#8243; orderby=&#8221;date-desc&#8221; hover_overlay_color=&#8221;RGBA(255,255,255,0)&#8221; hover_icon=&#8221;&#xf5e4;||fa||900&#8243; show_rating=&#8221;off&#8221; show_sale_badge=&#8221;off&#8221; _builder_version=&#8221;4.27.4&#8243; _module_preset=&#8221;default&#8221; title_text_color=&#8221;#FFFFFF&#8221; price_font=&#8221;|800|||||||&#8221; price_font_size=&#8221;17px&#8221; price_line_height=&#8221;30px&#8221; custom_margin=&#8221;||20px|||&#8221; hover_enabled=&#8221;0&#8243; custom_css_free_form=&#8221;\/* Garante que o cart\u00e3o do produto serve de refer\u00eancia *\/||.woocommerce ul.products li.product {||  position: relative;||  overflow: hidden;||}||||\/* &#8212; pre\u00e7o sobre a imagem &#8212; *\/||.woocommerce ul.products li.product .price {||  position: absolute;||  top: 10px;               \/* dist\u00e2ncia do topo da imagem *\/||  right: 10px;             \/* encostado \u00e0 direita *\/||  background-color: #FCE24A; \/*rgba(255, 255, 255, 0.85); \/* fundo claro semitransparente *\/||  color: #000;             \/* cor do texto *\/||  padding: 4px 8px;||  border-radius: 5px;||  font-weight: 600;||  font-size: 15px;||  z-index: 2;              \/* garante que fica acima da imagem *\/||  margin: 0;||}||||\/* &#8212; t\u00edtulo do produto ajustado &#8212; *\/||.woocommerce ul.products li.product h2.woocommerce-loop-product__title {||  background-color: #000000;||  padding: 8px 10px;||  border-radius: 0 0 5px 5px; \/* s\u00f3 cantos de baixo arredondados (opcional) *\/||  display: block;             \/* ocupa toda a largura *\/||  width: 100%;                \/* largura igual \u00e0 imagem *\/||  text-align: center;         \/* centraliza o texto *\/||  white-space: normal;        \/* permite quebra de linha *\/||  overflow: hidden;           \/* evita que transborde *\/||  text-overflow: clip;        \/* sem %22&#8230;%22 *\/||  box-sizing: border-box;     \/* garante que o padding conta dentro da largura *\/||  margin-top: 0;              \/* ajusta espa\u00e7amento *\/||}||||||||||&#8221; border_color_all_image=&#8221;RGBA(255,255,255,0)&#8221; global_colors_info=&#8221;{}&#8221; sticky_enabled=&#8221;0&#8243;][\/et_pb_shop][\/et_pb_column][\/et_pb_row][\/et_pb_section][et_pb_section fb_built=&#8221;1&#8243; admin_label=&#8221;Testimonials&#8221; _builder_version=&#8221;4.27.4&#8243; _module_preset=&#8221;default&#8221; min_height=&#8221;340.9px&#8221; custom_padding=&#8221;14px||15px|||&#8221; collapsed=&#8221;off&#8221; global_colors_info=&#8221;{}&#8221;][et_pb_row _builder_version=&#8221;4.27.4&#8243; _module_preset=&#8221;1ca016cc-4449-40f5-9532-d8cf1d370815&#8243; custom_padding=&#8221;0px|40px|0px|40px|true|true&#8221; global_colors_info=&#8221;{}&#8221;][et_pb_column type=&#8221;4_4&#8243; _builder_version=&#8221;4.27.4&#8243; _module_preset=&#8221;default&#8221; global_colors_info=&#8221;{}&#8221;][et_pb_slider _builder_version=&#8221;4.27.4&#8243; _module_preset=&#8221;1a905fc0-4ee0-4dad-b564-2a55202ccf65&#8243; min_height=&#8221;282.2px&#8221; custom_padding=&#8221;32px||35px||false|false&#8221; auto=&#8221;on&#8221; auto_ignore_hover=&#8221;on&#8221; global_colors_info=&#8221;{%22gcid-primary-color%22:%91%22button_bg_color%22,%22button_bg_color%22,%22button_bg_color%22,%22button_bg_color%22%93,%22gcid-body-color%22:%91%22body_text_color%22,%22body_text_color%22,%22body_text_color%22,%22body_text_color%22%93,%22gcid-heading-color%22:%91%22header_text_color%22,%22header_text_color%22,%22header_text_color%22,%22header_text_color%22%93}&#8221;][et_pb_slide heading=&#8221;Na Citralcar Autom\u00f3veis, todos os ve\u00edculos passam por uma rigorosa an\u00e1lise e verifica\u00e7\u00e3o, tanto no momento da compra como na fase de prepara\u00e7\u00e3o, garantindo um elevado padr\u00e3o de qualidade aos seu clientes.&#8221; _builder_version=&#8221;4.27.4&#8243; _module_preset=&#8221;default&#8221; global_colors_info=&#8221;{}&#8221; sticky_transition=&#8221;on&#8221;][\/et_pb_slide][et_pb_slide heading=&#8221;Com cerca de 30 anos de experi\u00eancia no setor autom\u00f3vel, a Citralcar Autom\u00f3veis dedica-se a encontrar as melhores solu\u00e7\u00f5es do mercado para cada cliente.&#8221; _builder_version=&#8221;4.27.4&#8243; _module_preset=&#8221;default&#8221; global_colors_info=&#8221;{}&#8221; sticky_transition=&#8221;on&#8221;][\/et_pb_slide][et_pb_slide heading=&#8221;A Citralcar Autom\u00f3veis beneficia de uma vasta e consolidada rede de parceiros de confian\u00e7a, nas \u00e1reas de aquisi\u00e7\u00e3o, financiamento e servi\u00e7o p\u00f3s-venda, assegurando aos seus clientes um servi\u00e7o de excel\u00eancia com foco no conforto e seguran\u00e7a de todos os intervenientes.&#8221; _builder_version=&#8221;4.27.4&#8243; _module_preset=&#8221;default&#8221; global_colors_info=&#8221;{}&#8221; sticky_transition=&#8221;on&#8221;]<\/p>\n<p><span style=\"font-size: 15px;\">\u00a0<\/span><\/p>\n<p>[\/et_pb_slide][\/et_pb_slider][\/et_pb_column][\/et_pb_row][\/et_pb_section][et_pb_section fb_built=&#8221;1&#8243; admin_label=&#8221;Call to Action&#8221; _builder_version=&#8221;4.27.4&#8243; _module_preset=&#8221;c31f8134-25a5-49e3-97be-e787cb8b8da2&#8243; background_image=&#8221;https:\/\/citralcar.pt\/wp-content\/uploads\/2025\/07\/AdobeStock_1196010377_Preview.jpeg&#8221; min_height=&#8221;328.4px&#8221; custom_margin=&#8221;12px|||||&#8221; custom_padding=&#8221;0vw||0vw||true|false&#8221; collapsed=&#8221;on&#8221; global_colors_info=&#8221;{}&#8221;][et_pb_row _builder_version=&#8221;4.27.4&#8243; _module_preset=&#8221;default&#8221; max_width=&#8221;900px&#8221; global_colors_info=&#8221;{}&#8221;][et_pb_column type=&#8221;4_4&#8243; _builder_version=&#8221;4.27.4&#8243; _module_preset=&#8221;default&#8221; global_colors_info=&#8221;{}&#8221;][et_pb_heading title=&#8221;Confian\u00e7a sobre rodas ? &#8221; _builder_version=&#8221;4.27.4&#8243; _module_preset=&#8221;7df10c03-3807-4a10-8b2d-629e8c83b3a0&#8243; title_level=&#8221;h2&#8243; title_text_align=&#8221;center&#8221; title_text_color=&#8221;#FFFFFF&#8221; custom_margin=&#8221;|-243px||-258px||&#8221; global_colors_info=&#8221;{}&#8221;][\/et_pb_heading][\/et_pb_column][\/et_pb_row][et_pb_row _builder_version=&#8221;4.27.4&#8243; _module_preset=&#8221;default&#8221; max_width=&#8221;900px&#8221; global_colors_info=&#8221;{}&#8221;][et_pb_column type=&#8221;4_4&#8243; _builder_version=&#8221;4.27.4&#8243; _module_preset=&#8221;default&#8221; global_colors_info=&#8221;{}&#8221;][et_pb_heading title=&#8221;S\u00f3 na Citralcar ! &#8221; _builder_version=&#8221;4.27.4&#8243; _module_preset=&#8221;7df10c03-3807-4a10-8b2d-629e8c83b3a0&#8243; title_level=&#8221;h2&#8243; title_text_align=&#8221;center&#8221; title_text_color=&#8221;#FFFFFF&#8221; custom_margin=&#8221;|-243px||-258px||&#8221; global_colors_info=&#8221;{}&#8221;][\/et_pb_heading][\/et_pb_column][\/et_pb_row][\/et_pb_section]<\/p>\n","protected":false},"excerpt":{"rendered":"<p>\u00a0<\/p>\n","protected":false},"author":1,"featured_media":0,"parent":0,"menu_order":0,"comment_status":"closed","ping_status":"closed","template":"","meta":{"_et_pb_use_builder":"on","_et_pb_old_content":"","_et_gb_content_width":"","footnotes":""},"class_list":["post-14","page","type-page","status-publish","hentry"],"_links":{"self":[{"href":"https:\/\/citralcar.pt\/index.php?rest_route=\/wp\/v2\/pages\/14","targetHints":{"allow":["GET"]}}],"collection":[{"href":"https:\/\/citralcar.pt\/index.php?rest_route=\/wp\/v2\/pages"}],"about":[{"href":"https:\/\/citralcar.pt\/index.php?rest_route=\/wp\/v2\/types\/page"}],"author":[{"embeddable":true,"href":"https:\/\/citralcar.pt\/index.php?rest_route=\/wp\/v2\/users\/1"}],"replies":[{"embeddable":true,"href":"https:\/\/citralcar.pt\/index.php?rest_route=%2Fwp%2Fv2%2Fcomments&post=14"}],"version-history":[{"count":95,"href":"https:\/\/citralcar.pt\/index.php?rest_route=\/wp\/v2\/pages\/14\/revisions"}],"predecessor-version":[{"id":930,"href":"https:\/\/citralcar.pt\/index.php?rest_route=\/wp\/v2\/pages\/14\/revisions\/930"}],"wp:attachment":[{"href":"https:\/\/citralcar.pt\/index.php?rest_route=%2Fwp%2Fv2%2Fmedia&parent=14"}],"curies":[{"name":"wp","href":"https:\/\/api.w.org\/{rel}","templated":true}]}}